{"id":98,"date":"2023-12-01T12:52:55","date_gmt":"2023-12-01T12:52:55","guid":{"rendered":"http:\/\/mg-dortmund.bplaced.net\/?page_id=98"},"modified":"2025-05-14T11:10:34","modified_gmt":"2025-05-14T11:10:34","slug":"mg-brunch-blues","status":"publish","type":"page","link":"https:\/\/mg-dortmund.de\/?page_id=98","title":{"rendered":"MG Brunch &#038; Blues"},"content":{"rendered":"<nav class=\"is-responsive items-justified-center wp-block-navigation is-content-justification-center is-layout-flex wp-container-core-navigation-is-layout-a89b3969 wp-block-navigation-is-layout-flex\" aria-label=\"Navigation 2\" \n\t\t data-wp-interactive=\"core\/navigation\" data-wp-context='{\"overlayOpenedBy\":{\"click\":false,\"hover\":false,\"focus\":false},\"type\":\"overlay\",\"roleAttribute\":\"\",\"ariaLabel\":\"Men\\u00fc\"}'><button aria-haspopup=\"dialog\" aria-label=\"Men\u00fc \u00f6ffnen\" class=\"wp-block-navigation__responsive-container-open\" \n\t\t\t\tdata-wp-on--click=\"actions.openMenuOnClick\"\n\t\t\t\tdata-wp-on--keydown=\"actions.handleMenuKeydown\"\n\t\t\t><svg width=\"24\" height=\"24\" xmlns=\"http:\/\/www.w3.org\/2000\/svg\" viewBox=\"0 0 24 24\" aria-hidden=\"true\" focusable=\"false\"><path d=\"M4 7.5h16v1.5H4z\"><\/path><path d=\"M4 15h16v1.5H4z\"><\/path><\/svg><\/button>\n\t\t\t\t<div class=\"wp-block-navigation__responsive-container\"  id=\"modal-1\" \n\t\t\t\tdata-wp-class--has-modal-open=\"state.isMenuOpen\"\n\t\t\t\tdata-wp-class--is-menu-open=\"state.isMenuOpen\"\n\t\t\t\tdata-wp-watch=\"callbacks.initMenu\"\n\t\t\t\tdata-wp-on--keydown=\"actions.handleMenuKeydown\"\n\t\t\t\tdata-wp-on--focusout=\"actions.handleMenuFocusout\"\n\t\t\t\ttabindex=\"-1\"\n\t\t\t>\n\t\t\t\t\t<div class=\"wp-block-navigation__responsive-close\" tabindex=\"-1\">\n\t\t\t\t\t\t<div class=\"wp-block-navigation__responsive-dialog\" \n\t\t\t\tdata-wp-bind--aria-modal=\"state.ariaModal\"\n\t\t\t\tdata-wp-bind--aria-label=\"state.ariaLabel\"\n\t\t\t\tdata-wp-bind--role=\"state.roleAttribute\"\n\t\t\t>\n\t\t\t\t\t\t\t<button aria-label=\"Men\u00fc schlie\u00dfen\" class=\"wp-block-navigation__responsive-container-close\" \n\t\t\t\tdata-wp-on--click=\"actions.closeMenuOnClick\"\n\t\t\t><svg xmlns=\"http:\/\/www.w3.org\/2000\/svg\" viewBox=\"0 0 24 24\" width=\"24\" height=\"24\" aria-hidden=\"true\" focusable=\"false\"><path d=\"m13.06 12 6.47-6.47-1.06-1.06L12 10.94 5.53 4.47 4.47 5.53 10.94 12l-6.47 6.47 1.06 1.06L12 13.06l6.47 6.47 1.06-1.06L13.06 12Z\"><\/path><\/svg><\/button>\n\t\t\t\t\t\t\t<div class=\"wp-block-navigation__responsive-container-content\" \n\t\t\t\tdata-wp-watch=\"callbacks.focusFirstElement\"\n\t\t\t id=\"modal-1-content\">\n\t\t\t\t\t\t\t\t<ul class=\"wp-block-navigation__container is-responsive items-justified-center wp-block-navigation\"><li class=\" wp-block-navigation-item wp-block-navigation-link\"><a class=\"wp-block-navigation-item__content\"  href=\"https:\/\/mg-dortmund.de\/?page_id=40\"><span class=\"wp-block-navigation-item__label\">Dortmund I<\/span><\/a><\/li><li class=\" wp-block-navigation-item wp-block-navigation-link\"><a class=\"wp-block-navigation-item__content\"  href=\"https:\/\/mg-dortmund.de\/?page_id=48\"><span class=\"wp-block-navigation-item__label\">Dortmund II<\/span><\/a><\/li><li class=\" wp-block-navigation-item wp-block-navigation-link\"><a class=\"wp-block-navigation-item__content\"  href=\"https:\/\/mg-dortmund.de\/?page_id=137\"><span class=\"wp-block-navigation-item__label\">MGF\/TF Dortmund<\/span><\/a><\/li><li class=\" wp-block-navigation-item wp-block-navigation-link\"><a class=\"wp-block-navigation-item__content\"  href=\"https:\/\/mg-dortmund.de\/?page_id=98\"><span class=\"wp-block-navigation-item__label\">MG Brunch &amp; Blues<\/span><\/a><\/li><li class=\" wp-block-navigation-item wp-block-navigation-link\"><a class=\"wp-block-navigation-item__content\"  href=\"https:\/\/mg-dortmund.de\/?page_id=63\"><span class=\"wp-block-navigation-item__label\">Termine<\/span><\/a><\/li><li class=\" wp-block-navigation-item wp-block-navigation-link\"><a class=\"wp-block-navigation-item__content\"  href=\"https:\/\/mg-dortmund.de\/?page_id=27\"><span class=\"wp-block-navigation-item__label\">Impressum<\/span><\/a><\/li><li class=\" wp-block-navigation-item wp-block-navigation-link\"><a class=\"wp-block-navigation-item__content\"  href=\"https:\/\/mg-dortmund.de\/?page_id=2\"><span class=\"wp-block-navigation-item__label\">Disclaimer<\/span><\/a><\/li><li class=\" wp-block-navigation-item wp-block-navigation-link\"><a class=\"wp-block-navigation-item__content\"  href=\"http:\/\/mg-dortmund.de\"><span class=\"wp-block-navigation-item__label\">Home<\/span><\/a><\/li><\/ul>\n\t\t\t\t\t\t\t<\/div>\n\t\t\t\t\t\t<\/div>\n\t\t\t\t\t<\/div>\n\t\t\t\t<\/div><\/nav>\n\n\n<h4 class=\"wp-block-heading\"><strong>MG Brunch &amp; Blues<\/strong><\/h4>\n\n\n\n<p>Seit 2005, nur unterbrochen durch die Pandemiejahre, findet einmal j\u00e4hrlich im Sommer der MG Brunch &amp; Blues statt. Anfangs bei Haus Weidkamp in Dortmund, sp\u00e4ter bei Dieckmann&#8217;s Hotel und seit einigen Jahren im Hofcaf\u00e9 Lieblingsplatz auf dem Hof S\u00fcmmermann in Fr\u00f6mern treffen sich nicht nur MG Begeisterte zum gemeinsamen Brunch und Benzingespr\u00e4chen bei Livemusik. Infos zur Anmeldung und zum Termin erscheinen im Laufe des Jahres hier auf der Webseite.<\/p>\n\n\n\n<figure class=\"wp-block-image aligncenter size-large\"><img loading=\"lazy\" decoding=\"async\" width=\"1024\" height=\"332\" src=\"https:\/\/mg-dortmund.de\/wp-content\/uploads\/2024\/06\/Foto_1_orig-1024x332.jpg\" alt=\"\" class=\"wp-image-230\" srcset=\"https:\/\/mg-dortmund.de\/wp-content\/uploads\/2024\/06\/Foto_1_orig-1024x332.jpg 1024w, https:\/\/mg-dortmund.de\/wp-content\/uploads\/2024\/06\/Foto_1_orig-300x97.jpg 300w, https:\/\/mg-dortmund.de\/wp-content\/uploads\/2024\/06\/Foto_1_orig-768x249.jpg 768w, https:\/\/mg-dortmund.de\/wp-content\/uploads\/2024\/06\/Foto_1_orig-1536x498.jpg 1536w, https:\/\/mg-dortmund.de\/wp-content\/uploads\/2024\/06\/Foto_1_orig-2048x664.jpg 2048w\" sizes=\"auto, (max-width: 1024px) 100vw, 1024px\" \/><\/figure>\n\n\n\n<figure class=\"wp-block-image size-large\"><img loading=\"lazy\" decoding=\"async\" width=\"1024\" height=\"576\" src=\"https:\/\/mg-dortmund.de\/wp-content\/uploads\/2024\/06\/IMG_20190825_104833611_HDR-1024x576.jpg\" alt=\"\" class=\"wp-image-234\" srcset=\"https:\/\/mg-dortmund.de\/wp-content\/uploads\/2024\/06\/IMG_20190825_104833611_HDR-1024x576.jpg 1024w, https:\/\/mg-dortmund.de\/wp-content\/uploads\/2024\/06\/IMG_20190825_104833611_HDR-300x169.jpg 300w, https:\/\/mg-dortmund.de\/wp-content\/uploads\/2024\/06\/IMG_20190825_104833611_HDR-768x432.jpg 768w, https:\/\/mg-dortmund.de\/wp-content\/uploads\/2024\/06\/IMG_20190825_104833611_HDR-1536x864.jpg 1536w, https:\/\/mg-dortmund.de\/wp-content\/uploads\/2024\/06\/IMG_20190825_104833611_HDR-2048x1152.jpg 2048w\" sizes=\"auto, (max-width: 1024px) 100vw, 1024px\" \/><\/figure>\n\n\n\n<figure class=\"wp-block-image size-large\"><img loading=\"lazy\" decoding=\"async\" width=\"1024\" height=\"576\" src=\"https:\/\/mg-dortmund.de\/wp-content\/uploads\/2024\/06\/IMG_20190825_115615907_HDR-1024x576.jpg\" alt=\"\" class=\"wp-image-235\" srcset=\"https:\/\/mg-dortmund.de\/wp-content\/uploads\/2024\/06\/IMG_20190825_115615907_HDR-1024x576.jpg 1024w, https:\/\/mg-dortmund.de\/wp-content\/uploads\/2024\/06\/IMG_20190825_115615907_HDR-300x169.jpg 300w, https:\/\/mg-dortmund.de\/wp-content\/uploads\/2024\/06\/IMG_20190825_115615907_HDR-768x432.jpg 768w, https:\/\/mg-dortmund.de\/wp-content\/uploads\/2024\/06\/IMG_20190825_115615907_HDR-1536x864.jpg 1536w, https:\/\/mg-dortmund.de\/wp-content\/uploads\/2024\/06\/IMG_20190825_115615907_HDR-2048x1152.jpg 2048w\" sizes=\"auto, (max-width: 1024px) 100vw, 1024px\" \/><\/figure>\n","protected":false},"excerpt":{"rendered":"<p>MG Brunch &amp; Blues Seit 2005, nur unterbrochen durch die Pandemiejahre, findet einmal j\u00e4hrlich im Sommer der MG Brunch &amp; Blues statt. Anfangs bei Haus Weidkamp in Dortmund, sp\u00e4ter bei Dieckmann&#8217;s Hotel und seit einigen Jahren im Hofcaf\u00e9 Lieblingsplatz auf dem Hof S\u00fcmmermann in Fr\u00f6mern treffen sich nicht nur MG Begeisterte zum gemeinsamen Brunch und [&hellip;]<\/p>\n","protected":false},"author":1,"featured_media":0,"parent":0,"menu_order":0,"comment_status":"closed","ping_status":"closed","template":"blank","meta":{"footnotes":""},"class_list":["post-98","page","type-page","status-publish","hentry"],"_links":{"self":[{"href":"https:\/\/mg-dortmund.de\/index.php?rest_route=\/wp\/v2\/pages\/98","targetHints":{"allow":["GET"]}}],"collection":[{"href":"https:\/\/mg-dortmund.de\/index.php?rest_route=\/wp\/v2\/pages"}],"about":[{"href":"https:\/\/mg-dortmund.de\/index.php?rest_route=\/wp\/v2\/types\/page"}],"author":[{"embeddable":true,"href":"https:\/\/mg-dortmund.de\/index.php?rest_route=\/wp\/v2\/users\/1"}],"replies":[{"embeddable":true,"href":"https:\/\/mg-dortmund.de\/index.php?rest_route=%2Fwp%2Fv2%2Fcomments&post=98"}],"version-history":[{"count":14,"href":"https:\/\/mg-dortmund.de\/index.php?rest_route=\/wp\/v2\/pages\/98\/revisions"}],"predecessor-version":[{"id":291,"href":"https:\/\/mg-dortmund.de\/index.php?rest_route=\/wp\/v2\/pages\/98\/revisions\/291"}],"wp:attachment":[{"href":"https:\/\/mg-dortmund.de\/index.php?rest_route=%2Fwp%2Fv2%2Fmedia&parent=98"}],"curies":[{"name":"wp","href":"https:\/\/api.w.org\/{rel}","templated":true}]}}