{"id":48,"date":"2023-05-25T13:56:54","date_gmt":"2023-05-25T13:56:54","guid":{"rendered":"http:\/\/mg-dortmund.bplaced.net\/?page_id=48"},"modified":"2026-01-20T18:13:38","modified_gmt":"2026-01-20T18:13:38","slug":"dortmund-ii","status":"publish","type":"page","link":"https:\/\/mg-dortmund.de\/?page_id=48","title":{"rendered":"Dortmund II"},"content":{"rendered":"<nav class=\"is-responsive items-justified-center wp-block-navigation is-content-justification-center is-layout-flex wp-container-core-navigation-is-layout-a89b3969 wp-block-navigation-is-layout-flex\" aria-label=\"Navigation 2\" \n\t\t data-wp-interactive=\"core\/navigation\" data-wp-context='{\"overlayOpenedBy\":{\"click\":false,\"hover\":false,\"focus\":false},\"type\":\"overlay\",\"roleAttribute\":\"\",\"ariaLabel\":\"Men\\u00fc\"}'><button aria-haspopup=\"dialog\" aria-label=\"Men\u00fc \u00f6ffnen\" class=\"wp-block-navigation__responsive-container-open\" \n\t\t\t\tdata-wp-on--click=\"actions.openMenuOnClick\"\n\t\t\t\tdata-wp-on--keydown=\"actions.handleMenuKeydown\"\n\t\t\t><svg width=\"24\" height=\"24\" xmlns=\"http:\/\/www.w3.org\/2000\/svg\" viewBox=\"0 0 24 24\" aria-hidden=\"true\" focusable=\"false\"><path d=\"M4 7.5h16v1.5H4z\"><\/path><path d=\"M4 15h16v1.5H4z\"><\/path><\/svg><\/button>\n\t\t\t\t<div class=\"wp-block-navigation__responsive-container\"  id=\"modal-1\" \n\t\t\t\tdata-wp-class--has-modal-open=\"state.isMenuOpen\"\n\t\t\t\tdata-wp-class--is-menu-open=\"state.isMenuOpen\"\n\t\t\t\tdata-wp-watch=\"callbacks.initMenu\"\n\t\t\t\tdata-wp-on--keydown=\"actions.handleMenuKeydown\"\n\t\t\t\tdata-wp-on--focusout=\"actions.handleMenuFocusout\"\n\t\t\t\ttabindex=\"-1\"\n\t\t\t>\n\t\t\t\t\t<div class=\"wp-block-navigation__responsive-close\" tabindex=\"-1\">\n\t\t\t\t\t\t<div class=\"wp-block-navigation__responsive-dialog\" \n\t\t\t\tdata-wp-bind--aria-modal=\"state.ariaModal\"\n\t\t\t\tdata-wp-bind--aria-label=\"state.ariaLabel\"\n\t\t\t\tdata-wp-bind--role=\"state.roleAttribute\"\n\t\t\t>\n\t\t\t\t\t\t\t<button aria-label=\"Men\u00fc schlie\u00dfen\" class=\"wp-block-navigation__responsive-container-close\" \n\t\t\t\tdata-wp-on--click=\"actions.closeMenuOnClick\"\n\t\t\t><svg xmlns=\"http:\/\/www.w3.org\/2000\/svg\" viewBox=\"0 0 24 24\" width=\"24\" height=\"24\" aria-hidden=\"true\" focusable=\"false\"><path d=\"m13.06 12 6.47-6.47-1.06-1.06L12 10.94 5.53 4.47 4.47 5.53 10.94 12l-6.47 6.47 1.06 1.06L12 13.06l6.47 6.47 1.06-1.06L13.06 12Z\"><\/path><\/svg><\/button>\n\t\t\t\t\t\t\t<div class=\"wp-block-navigation__responsive-container-content\" \n\t\t\t\tdata-wp-watch=\"callbacks.focusFirstElement\"\n\t\t\t id=\"modal-1-content\">\n\t\t\t\t\t\t\t\t<ul class=\"wp-block-navigation__container is-responsive items-justified-center wp-block-navigation\"><li class=\" wp-block-navigation-item wp-block-navigation-link\"><a class=\"wp-block-navigation-item__content\"  href=\"https:\/\/mg-dortmund.de\/?page_id=40\"><span class=\"wp-block-navigation-item__label\">Dortmund I<\/span><\/a><\/li><li class=\" wp-block-navigation-item wp-block-navigation-link\"><a class=\"wp-block-navigation-item__content\"  href=\"https:\/\/mg-dortmund.de\/?page_id=48\"><span class=\"wp-block-navigation-item__label\">Dortmund II<\/span><\/a><\/li><li class=\" wp-block-navigation-item wp-block-navigation-link\"><a class=\"wp-block-navigation-item__content\"  href=\"https:\/\/mg-dortmund.de\/?page_id=137\"><span class=\"wp-block-navigation-item__label\">MGF\/TF Dortmund<\/span><\/a><\/li><li class=\" wp-block-navigation-item wp-block-navigation-link\"><a class=\"wp-block-navigation-item__content\"  href=\"https:\/\/mg-dortmund.de\/?page_id=98\"><span class=\"wp-block-navigation-item__label\">MG Brunch &amp; Blues<\/span><\/a><\/li><li class=\" wp-block-navigation-item wp-block-navigation-link\"><a class=\"wp-block-navigation-item__content\"  href=\"https:\/\/mg-dortmund.de\/?page_id=63\"><span class=\"wp-block-navigation-item__label\">Termine<\/span><\/a><\/li><li class=\" wp-block-navigation-item wp-block-navigation-link\"><a class=\"wp-block-navigation-item__content\"  href=\"https:\/\/mg-dortmund.de\/?page_id=27\"><span class=\"wp-block-navigation-item__label\">Impressum<\/span><\/a><\/li><li class=\" wp-block-navigation-item wp-block-navigation-link\"><a class=\"wp-block-navigation-item__content\"  href=\"https:\/\/mg-dortmund.de\/?page_id=2\"><span class=\"wp-block-navigation-item__label\">Disclaimer<\/span><\/a><\/li><li class=\" wp-block-navigation-item wp-block-navigation-link\"><a class=\"wp-block-navigation-item__content\"  href=\"http:\/\/mg-dortmund.de\"><span class=\"wp-block-navigation-item__label\">Home<\/span><\/a><\/li><\/ul>\n\t\t\t\t\t\t\t<\/div>\n\t\t\t\t\t\t<\/div>\n\t\t\t\t\t<\/div>\n\t\t\t\t<\/div><\/nav>\n\n\n<p class=\"has-large-font-size\"><strong>MG Stammtisch Dortmund II (ehemals Hagen)<\/strong><\/p>\n\n\n\n<figure class=\"wp-block-image size-large\"><img loading=\"lazy\" decoding=\"async\" width=\"1024\" height=\"576\" src=\"https:\/\/mg-dortmund.de\/wp-content\/uploads\/2024\/06\/Foto-3_orig-1024x576.jpg\" alt=\"\" class=\"wp-image-225\" srcset=\"https:\/\/mg-dortmund.de\/wp-content\/uploads\/2024\/06\/Foto-3_orig-1024x576.jpg 1024w, https:\/\/mg-dortmund.de\/wp-content\/uploads\/2024\/06\/Foto-3_orig-300x169.jpg 300w, https:\/\/mg-dortmund.de\/wp-content\/uploads\/2024\/06\/Foto-3_orig-768x432.jpg 768w, https:\/\/mg-dortmund.de\/wp-content\/uploads\/2024\/06\/Foto-3_orig-1536x864.jpg 1536w, https:\/\/mg-dortmund.de\/wp-content\/uploads\/2024\/06\/Foto-3_orig-2048x1152.jpg 2048w\" sizes=\"auto, (max-width: 1024px) 100vw, 1024px\" \/><\/figure>\n\n\n\n<p>Unser MG Stammtisch Dortmund II geht auf den ehemaligen Stammtisch Hagen zur\u00fcck. In den 80er und 90er Jahren trafen sich regelm\u00e4\u00dfig bis zu 50 MG Enthusiasten sonntags bei Wind und Wetter auf dem Parkplatz des ehemaligen Allkauf Markts in Hagen in unmittelbarer N\u00e4he zum Hengsteysee. <\/p>\n\n\n\n<p>Inzwischen sind wir mehrfach umgezogen und haben nun unser Quartier in Dortmund in der N\u00e4he der Stadtkrone Ost.<\/p>\n\n\n\n<p>Wir decken das Spektrum vom MG TC \u00fcber MGA, MGB, MGB GT, Midget bis hin zum MGF und TF ab. Weiterhin stehen Austin Healey Sprite, E-Type und weitere Klassiker in unseren Garagen und werden auch standesgem\u00e4\u00df bewegt.<\/p>\n\n\n\n<p>Unser Stammisch trifft sich jeweils am zweiten und vierten Sonntag im Monat ab 10.30 Uhr zu Benzingespr\u00e4chen und zum gem\u00fctlichen Beisammensein. <\/p>\n\n\n\n<p>Unser Stammtischlokal:<\/p>\n\n\n\n<p><a href=\"https:\/\/www.hufeisen-dortmund.de\/\" target=\"_blank\" rel=\"noreferrer noopener\"><a href=\"https:\/\/www.hufeisen-dortmund.net\/\" target=\"_blank\" rel=\"noreferrer noopener\">Restaurant Hufeisen<\/a><\/a><br>Rennweg 70<br>44143 Dortmund<\/p>\n","protected":false},"excerpt":{"rendered":"<p>MG Stammtisch Dortmund II (ehemals Hagen) Unser MG Stammtisch Dortmund II geht auf den ehemaligen Stammtisch Hagen zur\u00fcck. In den 80er und 90er Jahren trafen sich regelm\u00e4\u00dfig bis zu 50 MG Enthusiasten sonntags bei Wind und Wetter auf dem Parkplatz des ehemaligen Allkauf Markts in Hagen in unmittelbarer N\u00e4he zum Hengsteysee. Inzwischen sind wir mehrfach [&hellip;]<\/p>\n","protected":false},"author":1,"featured_media":0,"parent":0,"menu_order":0,"comment_status":"closed","ping_status":"closed","template":"blank","meta":{"footnotes":""},"class_list":["post-48","page","type-page","status-publish","hentry"],"_links":{"self":[{"href":"https:\/\/mg-dortmund.de\/index.php?rest_route=\/wp\/v2\/pages\/48","targetHints":{"allow":["GET"]}}],"collection":[{"href":"https:\/\/mg-dortmund.de\/index.php?rest_route=\/wp\/v2\/pages"}],"about":[{"href":"https:\/\/mg-dortmund.de\/index.php?rest_route=\/wp\/v2\/types\/page"}],"author":[{"embeddable":true,"href":"https:\/\/mg-dortmund.de\/index.php?rest_route=\/wp\/v2\/users\/1"}],"replies":[{"embeddable":true,"href":"https:\/\/mg-dortmund.de\/index.php?rest_route=%2Fwp%2Fv2%2Fcomments&post=48"}],"version-history":[{"count":13,"href":"https:\/\/mg-dortmund.de\/index.php?rest_route=\/wp\/v2\/pages\/48\/revisions"}],"predecessor-version":[{"id":302,"href":"https:\/\/mg-dortmund.de\/index.php?rest_route=\/wp\/v2\/pages\/48\/revisions\/302"}],"wp:attachment":[{"href":"https:\/\/mg-dortmund.de\/index.php?rest_route=%2Fwp%2Fv2%2Fmedia&parent=48"}],"curies":[{"name":"wp","href":"https:\/\/api.w.org\/{rel}","templated":true}]}}