{"id":40,"date":"2023-05-25T13:45:18","date_gmt":"2023-05-25T13:45:18","guid":{"rendered":"http:\/\/mg-dortmund.bplaced.net\/?page_id=40"},"modified":"2024-10-30T15:35:10","modified_gmt":"2024-10-30T15:35:10","slug":"dortmund-i","status":"publish","type":"page","link":"https:\/\/mg-dortmund.de\/?page_id=40","title":{"rendered":"Dortmund I"},"content":{"rendered":"<nav class=\"is-responsive items-justified-center wp-block-navigation is-content-justification-center is-layout-flex wp-container-core-navigation-is-layout-a89b3969 wp-block-navigation-is-layout-flex\" aria-label=\"Navigation 2\" \n\t\t data-wp-interactive=\"core\/navigation\" data-wp-context='{\"overlayOpenedBy\":{\"click\":false,\"hover\":false,\"focus\":false},\"type\":\"overlay\",\"roleAttribute\":\"\",\"ariaLabel\":\"Men\\u00fc\"}'><button aria-haspopup=\"dialog\" aria-label=\"Men\u00fc \u00f6ffnen\" class=\"wp-block-navigation__responsive-container-open\" \n\t\t\t\tdata-wp-on--click=\"actions.openMenuOnClick\"\n\t\t\t\tdata-wp-on--keydown=\"actions.handleMenuKeydown\"\n\t\t\t><svg width=\"24\" height=\"24\" xmlns=\"http:\/\/www.w3.org\/2000\/svg\" viewBox=\"0 0 24 24\" aria-hidden=\"true\" focusable=\"false\"><path d=\"M4 7.5h16v1.5H4z\"><\/path><path d=\"M4 15h16v1.5H4z\"><\/path><\/svg><\/button>\n\t\t\t\t<div class=\"wp-block-navigation__responsive-container\"  id=\"modal-1\" \n\t\t\t\tdata-wp-class--has-modal-open=\"state.isMenuOpen\"\n\t\t\t\tdata-wp-class--is-menu-open=\"state.isMenuOpen\"\n\t\t\t\tdata-wp-watch=\"callbacks.initMenu\"\n\t\t\t\tdata-wp-on--keydown=\"actions.handleMenuKeydown\"\n\t\t\t\tdata-wp-on--focusout=\"actions.handleMenuFocusout\"\n\t\t\t\ttabindex=\"-1\"\n\t\t\t>\n\t\t\t\t\t<div class=\"wp-block-navigation__responsive-close\" tabindex=\"-1\">\n\t\t\t\t\t\t<div class=\"wp-block-navigation__responsive-dialog\" \n\t\t\t\tdata-wp-bind--aria-modal=\"state.ariaModal\"\n\t\t\t\tdata-wp-bind--aria-label=\"state.ariaLabel\"\n\t\t\t\tdata-wp-bind--role=\"state.roleAttribute\"\n\t\t\t>\n\t\t\t\t\t\t\t<button aria-label=\"Men\u00fc schlie\u00dfen\" class=\"wp-block-navigation__responsive-container-close\" \n\t\t\t\tdata-wp-on--click=\"actions.closeMenuOnClick\"\n\t\t\t><svg xmlns=\"http:\/\/www.w3.org\/2000\/svg\" viewBox=\"0 0 24 24\" width=\"24\" height=\"24\" aria-hidden=\"true\" focusable=\"false\"><path d=\"m13.06 12 6.47-6.47-1.06-1.06L12 10.94 5.53 4.47 4.47 5.53 10.94 12l-6.47 6.47 1.06 1.06L12 13.06l6.47 6.47 1.06-1.06L13.06 12Z\"><\/path><\/svg><\/button>\n\t\t\t\t\t\t\t<div class=\"wp-block-navigation__responsive-container-content\" \n\t\t\t\tdata-wp-watch=\"callbacks.focusFirstElement\"\n\t\t\t id=\"modal-1-content\">\n\t\t\t\t\t\t\t\t<ul class=\"wp-block-navigation__container is-responsive items-justified-center wp-block-navigation\"><li class=\" wp-block-navigation-item wp-block-navigation-link\"><a class=\"wp-block-navigation-item__content\"  href=\"https:\/\/mg-dortmund.de\/?page_id=40\"><span class=\"wp-block-navigation-item__label\">Dortmund I<\/span><\/a><\/li><li class=\" wp-block-navigation-item wp-block-navigation-link\"><a class=\"wp-block-navigation-item__content\"  href=\"https:\/\/mg-dortmund.de\/?page_id=48\"><span class=\"wp-block-navigation-item__label\">Dortmund II<\/span><\/a><\/li><li class=\" wp-block-navigation-item wp-block-navigation-link\"><a class=\"wp-block-navigation-item__content\"  href=\"https:\/\/mg-dortmund.de\/?page_id=137\"><span class=\"wp-block-navigation-item__label\">MGF\/TF Dortmund<\/span><\/a><\/li><li class=\" wp-block-navigation-item wp-block-navigation-link\"><a class=\"wp-block-navigation-item__content\"  href=\"https:\/\/mg-dortmund.de\/?page_id=98\"><span class=\"wp-block-navigation-item__label\">MG Brunch &amp; Blues<\/span><\/a><\/li><li class=\" wp-block-navigation-item wp-block-navigation-link\"><a class=\"wp-block-navigation-item__content\"  href=\"https:\/\/mg-dortmund.de\/?page_id=63\"><span class=\"wp-block-navigation-item__label\">Termine<\/span><\/a><\/li><li class=\" wp-block-navigation-item wp-block-navigation-link\"><a class=\"wp-block-navigation-item__content\"  href=\"https:\/\/mg-dortmund.de\/?page_id=27\"><span class=\"wp-block-navigation-item__label\">Impressum<\/span><\/a><\/li><li class=\" wp-block-navigation-item wp-block-navigation-link\"><a class=\"wp-block-navigation-item__content\"  href=\"https:\/\/mg-dortmund.de\/?page_id=2\"><span class=\"wp-block-navigation-item__label\">Disclaimer<\/span><\/a><\/li><li class=\" wp-block-navigation-item wp-block-navigation-link\"><a class=\"wp-block-navigation-item__content\"  href=\"http:\/\/mg-dortmund.de\"><span class=\"wp-block-navigation-item__label\">Home<\/span><\/a><\/li><\/ul>\n\t\t\t\t\t\t\t<\/div>\n\t\t\t\t\t\t<\/div>\n\t\t\t\t\t<\/div>\n\t\t\t\t<\/div><\/nav>\n\n\n<p class=\"has-large-font-size\"><strong>MG Stammtisch Dortmund I<\/strong><\/p>\n\n\n\n<figure class=\"wp-block-image size-full\"><img loading=\"lazy\" decoding=\"async\" width=\"972\" height=\"502\" src=\"https:\/\/mg-dortmund.de\/wp-content\/uploads\/2024\/06\/Foto-2_orig.jpg\" alt=\"\" class=\"wp-image-223\" srcset=\"https:\/\/mg-dortmund.de\/wp-content\/uploads\/2024\/06\/Foto-2_orig.jpg 972w, https:\/\/mg-dortmund.de\/wp-content\/uploads\/2024\/06\/Foto-2_orig-300x155.jpg 300w, https:\/\/mg-dortmund.de\/wp-content\/uploads\/2024\/06\/Foto-2_orig-768x397.jpg 768w\" sizes=\"auto, (max-width: 972px) 100vw, 972px\" \/><\/figure>\n\n\n\n<p>Unser MG Stammtisch Dortmund I wurde Anfang der 90er Jahre zun\u00e4chst als reiner MGA Stammtisch gegr\u00fcndet, ist aber inzwischen ein bunter MG Stammtisch, an dem auch sonstige Engl\u00e4nderfahrerinnen und -fahrer herzlich willkommen sind. Wir decken das Spektrum vom MG TC \u00fcber TD, MGA, MGB, MGB GT, Midget bis hin zum RV8, MGF und TF ab. Weiterhin stehen Minis, Spitfires, Panther, Morgan, Lotus und weitere Klassiker in unseren Garagen und werden auch standesgem\u00e4\u00df bewegt.<\/p>\n\n\n\n<p>Unser Stammisch trifft sich jeweils am letzten Freitag im Monat ab 19 Uhr zu Benzingespr\u00e4chen und zum gem\u00fctlichen Beisammensein. Einmal im Jahr, meist am Fronleichnamswochenende, machen wir eine viert\u00e4gige Stammtischausfahrt in landschaftlich reizvolle Gegenden im Umkreis von bis zu 300 km um Dortmund.<\/p>\n\n\n\n<p>Hinzu kommen Tagestouren, die wir in den Sommermonaten anbieten.<\/p>\n\n\n\n<p>Unser Stammtischlokal:<\/p>\n\n\n\n<p><a href=\"https:\/\/haus-ledendecker.com\/\" data-type=\"URL\" data-id=\"https:\/\/haus-ledendecker.com\/\" target=\"_blank\" rel=\"noreferrer noopener\">Haus Ledendecker<\/a><br>Kreisstra\u00dfe 30<br>44267 Dortmund<br><\/p>\n","protected":false},"excerpt":{"rendered":"<p>MG Stammtisch Dortmund I Unser MG Stammtisch Dortmund I wurde Anfang der 90er Jahre zun\u00e4chst als reiner MGA Stammtisch gegr\u00fcndet, ist aber inzwischen ein bunter MG Stammtisch, an dem auch sonstige Engl\u00e4nderfahrerinnen und -fahrer herzlich willkommen sind. Wir decken das Spektrum vom MG TC \u00fcber TD, MGA, MGB, MGB GT, Midget bis hin zum RV8, [&hellip;]<\/p>\n","protected":false},"author":1,"featured_media":0,"parent":0,"menu_order":0,"comment_status":"closed","ping_status":"closed","template":"blank","meta":{"footnotes":""},"class_list":["post-40","page","type-page","status-publish","hentry"],"_links":{"self":[{"href":"https:\/\/mg-dortmund.de\/index.php?rest_route=\/wp\/v2\/pages\/40","targetHints":{"allow":["GET"]}}],"collection":[{"href":"https:\/\/mg-dortmund.de\/index.php?rest_route=\/wp\/v2\/pages"}],"about":[{"href":"https:\/\/mg-dortmund.de\/index.php?rest_route=\/wp\/v2\/types\/page"}],"author":[{"embeddable":true,"href":"https:\/\/mg-dortmund.de\/index.php?rest_route=\/wp\/v2\/users\/1"}],"replies":[{"embeddable":true,"href":"https:\/\/mg-dortmund.de\/index.php?rest_route=%2Fwp%2Fv2%2Fcomments&post=40"}],"version-history":[{"count":10,"href":"https:\/\/mg-dortmund.de\/index.php?rest_route=\/wp\/v2\/pages\/40\/revisions"}],"predecessor-version":[{"id":254,"href":"https:\/\/mg-dortmund.de\/index.php?rest_route=\/wp\/v2\/pages\/40\/revisions\/254"}],"wp:attachment":[{"href":"https:\/\/mg-dortmund.de\/index.php?rest_route=%2Fwp%2Fv2%2Fmedia&parent=40"}],"curies":[{"name":"wp","href":"https:\/\/api.w.org\/{rel}","templated":true}]}}